{"id":729,"date":"2014-02-19T10:53:55","date_gmt":"2014-02-19T10:53:55","guid":{"rendered":"https:\/\/www.hostalroquetes.com\/front-page-2\/"},"modified":"2019-05-23T15:15:39","modified_gmt":"2019-05-23T15:15:39","slug":"benvinguts","status":"publish","type":"page","link":"https:\/\/www.hostalroquetes.com\/en\/","title":{"rendered":"Benvinguts"},"content":{"rendered":"\n\t\t\t<!-- START homeslider1 REVOLUTION SLIDER 6.5.5 --><p class=\"rs-p-wp-fix\"><\/p>\n\t\t\t<rs-module-wrap id=\"rev_slider_1_1_wrapper\" data-source=\"gallery\" data-aimg=\"\"  style=\"visibility:hidden;background:#E9E9E9;padding:0;margin:0px auto;margin-top:0;margin-bottom:0;\">\n\t\t\t\t<rs-module id=\"rev_slider_1_1\" style=\"\" data-version=\"6.5.5\">\n\t\t\t\t\t<rs-slides>\n\t\t\t\t\t\t<rs-slide style=\"position: absolute;\" data-key=\"rs-1\" data-title=\"Slide\" data-anim=\"ms:600;\" data-in=\"o:0;\" data-out=\"a:false;\">\n\t\t\t\t\t\t\t<img decoding=\"async\" src=\"\/\/www.hostalroquetes.com\/wp-content\/plugins\/revslider\/public\/assets\/assets\/dummy.png\" title=\"Benvinguts\" class=\"rev-slidebg tp-rs-img rs-lazyload\" data-lazyload=\"\/\/www.hostalroquetes.com\/wp-content\/uploads\/2014\/08\/slider1.jpg\" data-bg=\"p:center top;\" data-no-retina>\n<!---->\t\t\t\t\t\t<\/rs-slide>\n\t\t\t\t\t\t<rs-slide style=\"position: absolute;\" data-key=\"rs-5\" data-title=\"Slide\" data-link=\"\/\/www.hostalroquetes.com\/1366\/\" data-target=\"_self\" data-seoz=\"front\" data-anim=\"ms:600;\" data-in=\"o:0;\" data-out=\"a:false;\">\n\t\t\t\t\t\t\t<img decoding=\"async\" src=\"\/\/www.hostalroquetes.com\/wp-content\/plugins\/revslider\/public\/assets\/assets\/dummy.png\" title=\"Benvinguts\" class=\"rev-slidebg tp-rs-img rs-lazyload\" data-lazyload=\"\/\/www.hostalroquetes.com\/wp-content\/uploads\/2020\/01\/neuslide.jpg\" data-bg=\"p:center top;\" data-no-retina>\n<!--\n\t\t\t\t\t\t\t--><rs-layer\n\t\t\t\t\t\t\t\tid=\"slider-1-slide-5-layer-1\" \n\t\t\t\t\t\t\t\tclass=\"black\"\n\t\t\t\t\t\t\t\tdata-type=\"text\"\n\t\t\t\t\t\t\t\tdata-color=\"#000\"\n\t\t\t\t\t\t\t\tdata-rsp_ch=\"on\"\n\t\t\t\t\t\t\t\tdata-xy=\"x:100px;y:100px;\"\n\t\t\t\t\t\t\t\tdata-frame_1=\"st:500;\"\n\t\t\t\t\t\t\t\tdata-frame_999=\"st:6400;auto:true;\"\n\t\t\t\t\t\t\t\tstyle=\"z-index:5;font-family:'Roboto';text-shadow:none;\"\n\t\t\t\t\t\t\t> \n\t\t\t\t\t\t\t<\/rs-layer><!--\n-->\t\t\t\t\t\t<\/rs-slide>\n\t\t\t\t\t\t<rs-slide style=\"position: absolute;\" data-key=\"rs-3\" data-title=\"Slide\" data-anim=\"ms:600;\" data-in=\"o:0;\" data-out=\"a:false;\">\n\t\t\t\t\t\t\t<img decoding=\"async\" src=\"\/\/www.hostalroquetes.com\/wp-content\/plugins\/revslider\/public\/assets\/assets\/dummy.png\" title=\"Benvinguts\" class=\"rev-slidebg tp-rs-img rs-lazyload\" data-lazyload=\"\/\/www.hostalroquetes.com\/wp-content\/uploads\/2014\/10\/slider2.jpg\" data-bg=\"p:center top;\" data-no-retina>\n<!---->\t\t\t\t\t\t<\/rs-slide>\n\t\t\t\t\t\t<rs-slide style=\"position: absolute;\" data-key=\"rs-2\" data-title=\"Slide\" data-anim=\"ms:600;\" data-in=\"o:0;\" data-out=\"a:false;\">\n\t\t\t\t\t\t\t<img decoding=\"async\" src=\"\/\/www.hostalroquetes.com\/wp-content\/plugins\/revslider\/public\/assets\/assets\/dummy.png\" title=\"Benvinguts\" class=\"rev-slidebg tp-rs-img rs-lazyload\" data-lazyload=\"\/\/www.hostalroquetes.com\/wp-content\/uploads\/2014\/10\/slider4.jpg\" data-bg=\"p:center top;\" data-no-retina>\n<!---->\t\t\t\t\t\t<\/rs-slide>\n\t\t\t\t\t<\/rs-slides>\n\t\t\t\t<\/rs-module>\n\t\t\t\t<script type=\"text\/javascript\">\n\t\t\t\t\tsetREVStartSize({c: 'rev_slider_1_1',rl:[1240,1024,778,480],el:[],gw:[1904],gh:[500],type:'standard',justify:'',layout:'fullwidth',mh:\"0\"});if (window.RS_MODULES!==undefined && window.RS_MODULES.modules!==undefined && window.RS_MODULES.modules[\"revslider11\"]!==undefined) {window.RS_MODULES.modules[\"revslider11\"].once = false;window.revapi1 = undefined;window.RS_MODULES.checkMinimal()}\n\t\t\t\t<\/script>\n\t\t\t<\/rs-module-wrap>\n\t\t\t<!-- END REVOLUTION SLIDER -->\n\n","protected":false},"excerpt":{"rendered":"","protected":false},"author":1,"featured_media":0,"parent":0,"menu_order":0,"comment_status":"open","ping_status":"closed","template":"home-page.php","meta":{"footnotes":""},"class_list":["post-729","page","type-page","status-publish","hentry"],"yoast_head":"<!-- This site is optimized with the Yoast SEO plugin v24.4 - https:\/\/yoast.com\/wordpress\/plugins\/seo\/ -->\n<title>Hostal Les Roquetes de Queralbs - Vall de N\u00faria<\/title>\n<meta name=\"description\" content=\"Hostal d&#039;alta muntanya situat a Queralbs als peus de Vall de N\u00faria i acc\u00e9s principal al Parc Natural de les Cap\u00e7aleres del Ter i del Freser\" \/>\n<meta name=\"robots\" content=\"index, follow, max-snippet:-1, max-image-preview:large, max-video-preview:-1\" \/>\n<link rel=\"canonical\" href=\"https:\/\/www.hostalroquetes.com\/en\/\" \/>\n<meta property=\"og:locale\" content=\"en_US\" \/>\n<meta property=\"og:type\" content=\"article\" \/>\n<meta property=\"og:title\" content=\"Hostal Les Roquetes de Queralbs - Vall de N\u00faria\" \/>\n<meta property=\"og:description\" content=\"Hostal d&#039;alta muntanya situat a Queralbs als peus de Vall de N\u00faria i acc\u00e9s principal al Parc Natural de les Cap\u00e7aleres del Ter i del Freser\" \/>\n<meta property=\"og:url\" content=\"https:\/\/www.hostalroquetes.com\/en\/\" \/>\n<meta property=\"og:site_name\" content=\"Hostal Les Roquetes\" \/>\n<meta property=\"article:modified_time\" content=\"2019-05-23T15:15:39+00:00\" \/>\n<script type=\"application\/ld+json\" class=\"yoast-schema-graph\">{\"@context\":\"https:\/\/schema.org\",\"@graph\":[{\"@type\":\"WebPage\",\"@id\":\"https:\/\/www.hostalroquetes.com\/en\/\",\"url\":\"https:\/\/www.hostalroquetes.com\/en\/\",\"name\":\"Hostal Les Roquetes de Queralbs - Vall de N\u00faria\",\"isPartOf\":{\"@id\":\"https:\/\/www.hostalroquetes.com\/#website\"},\"datePublished\":\"2014-02-19T10:53:55+00:00\",\"dateModified\":\"2019-05-23T15:15:39+00:00\",\"description\":\"Hostal d'alta muntanya situat a Queralbs als peus de Vall de N\u00faria i acc\u00e9s principal al Parc Natural de les Cap\u00e7aleres del Ter i del Freser\",\"breadcrumb\":{\"@id\":\"https:\/\/www.hostalroquetes.com\/en\/#breadcrumb\"},\"inLanguage\":\"en-US\",\"potentialAction\":[{\"@type\":\"ReadAction\",\"target\":[\"https:\/\/www.hostalroquetes.com\/en\/\"]}]},{\"@type\":\"BreadcrumbList\",\"@id\":\"https:\/\/www.hostalroquetes.com\/en\/#breadcrumb\",\"itemListElement\":[{\"@type\":\"ListItem\",\"position\":1,\"name\":\"Portada\",\"item\":\"https:\/\/www.hostalroquetes.com\/en\/\"},{\"@type\":\"ListItem\",\"position\":2,\"name\":\"Benvinguts\"}]},{\"@type\":\"WebSite\",\"@id\":\"https:\/\/www.hostalroquetes.com\/#website\",\"url\":\"https:\/\/www.hostalroquetes.com\/\",\"name\":\"Hostal Les Roquetes\",\"description\":\"Take a rest in the threshold of Headwaters Ter and Freser Natural Park \",\"potentialAction\":[{\"@type\":\"SearchAction\",\"target\":{\"@type\":\"EntryPoint\",\"urlTemplate\":\"https:\/\/www.hostalroquetes.com\/?s={search_term_string}\"},\"query-input\":{\"@type\":\"PropertyValueSpecification\",\"valueRequired\":true,\"valueName\":\"search_term_string\"}}],\"inLanguage\":\"en-US\"}]}<\/script>\n<!-- \/ Yoast SEO plugin. -->","yoast_head_json":{"title":"Hostal Les Roquetes de Queralbs - Vall de N\u00faria","description":"Hostal d'alta muntanya situat a Queralbs als peus de Vall de N\u00faria i acc\u00e9s principal al Parc Natural de les Cap\u00e7aleres del Ter i del Freser","robots":{"index":"index","follow":"follow","max-snippet":"max-snippet:-1","max-image-preview":"max-image-preview:large","max-video-preview":"max-video-preview:-1"},"canonical":"https:\/\/www.hostalroquetes.com\/en\/","og_locale":"en_US","og_type":"article","og_title":"Hostal Les Roquetes de Queralbs - Vall de N\u00faria","og_description":"Hostal d'alta muntanya situat a Queralbs als peus de Vall de N\u00faria i acc\u00e9s principal al Parc Natural de les Cap\u00e7aleres del Ter i del Freser","og_url":"https:\/\/www.hostalroquetes.com\/en\/","og_site_name":"Hostal Les Roquetes","article_modified_time":"2019-05-23T15:15:39+00:00","schema":{"@context":"https:\/\/schema.org","@graph":[{"@type":"WebPage","@id":"https:\/\/www.hostalroquetes.com\/en\/","url":"https:\/\/www.hostalroquetes.com\/en\/","name":"Hostal Les Roquetes de Queralbs - Vall de N\u00faria","isPartOf":{"@id":"https:\/\/www.hostalroquetes.com\/#website"},"datePublished":"2014-02-19T10:53:55+00:00","dateModified":"2019-05-23T15:15:39+00:00","description":"Hostal d'alta muntanya situat a Queralbs als peus de Vall de N\u00faria i acc\u00e9s principal al Parc Natural de les Cap\u00e7aleres del Ter i del Freser","breadcrumb":{"@id":"https:\/\/www.hostalroquetes.com\/en\/#breadcrumb"},"inLanguage":"en-US","potentialAction":[{"@type":"ReadAction","target":["https:\/\/www.hostalroquetes.com\/en\/"]}]},{"@type":"BreadcrumbList","@id":"https:\/\/www.hostalroquetes.com\/en\/#breadcrumb","itemListElement":[{"@type":"ListItem","position":1,"name":"Portada","item":"https:\/\/www.hostalroquetes.com\/en\/"},{"@type":"ListItem","position":2,"name":"Benvinguts"}]},{"@type":"WebSite","@id":"https:\/\/www.hostalroquetes.com\/#website","url":"https:\/\/www.hostalroquetes.com\/","name":"Hostal Les Roquetes","description":"Take a rest in the threshold of Headwaters Ter and Freser Natural Park ","potentialAction":[{"@type":"SearchAction","target":{"@type":"EntryPoint","urlTemplate":"https:\/\/www.hostalroquetes.com\/?s={search_term_string}"},"query-input":{"@type":"PropertyValueSpecification","valueRequired":true,"valueName":"search_term_string"}}],"inLanguage":"en-US"}]}},"_links":{"self":[{"href":"https:\/\/www.hostalroquetes.com\/en\/wp-json\/wp\/v2\/pages\/729","targetHints":{"allow":["GET"]}}],"collection":[{"href":"https:\/\/www.hostalroquetes.com\/en\/wp-json\/wp\/v2\/pages"}],"about":[{"href":"https:\/\/www.hostalroquetes.com\/en\/wp-json\/wp\/v2\/types\/page"}],"author":[{"embeddable":true,"href":"https:\/\/www.hostalroquetes.com\/en\/wp-json\/wp\/v2\/users\/1"}],"replies":[{"embeddable":true,"href":"https:\/\/www.hostalroquetes.com\/en\/wp-json\/wp\/v2\/comments?post=729"}],"version-history":[{"count":4,"href":"https:\/\/www.hostalroquetes.com\/en\/wp-json\/wp\/v2\/pages\/729\/revisions"}],"predecessor-version":[{"id":1090,"href":"https:\/\/www.hostalroquetes.com\/en\/wp-json\/wp\/v2\/pages\/729\/revisions\/1090"}],"wp:attachment":[{"href":"https:\/\/www.hostalroquetes.com\/en\/wp-json\/wp\/v2\/media?parent=729"}],"curies":[{"name":"wp","href":"https:\/\/api.w.org\/{rel}","templated":true}]}}